{"id":1636,"date":"2024-03-27T13:59:35","date_gmt":"2024-03-27T12:59:35","guid":{"rendered":"https:\/\/www.forumelektromobilita.cz\/?page_id=1636"},"modified":"2024-10-23T20:26:12","modified_gmt":"2024-10-23T18:26:12","slug":"cookies","status":"publish","type":"page","link":"https:\/\/www.renewablesconference.eu\/cs\/cookies\/","title":{"rendered":"Cookies"},"content":{"rendered":"\t\t<div data-elementor-type=\"wp-page\" data-elementor-id=\"1636\" class=\"elementor elementor-1636\" data-elementor-post-type=\"page\">\n\t\t\t\t<div class=\"elementor-element elementor-element-1e0d3097 e-flex e-con-boxed e-con e-parent\" data-id=\"1e0d3097\" data-element_type=\"container\">\n\t\t\t\t\t<div class=\"e-con-inner\">\n\t\t\t\t<div class=\"elementor-element elementor-element-9d5f1b5 elementor-widget elementor-widget-heading\" data-id=\"9d5f1b5\" data-element_type=\"widget\" data-widget_type=\"heading.default\">\n\t\t\t\t<div class=\"elementor-widget-container\">\n\t\t\t<style>\/*! elementor - v3.23.0 - 05-08-2024 *\/\n.elementor-heading-title{padding:0;margin:0;line-height:1}.elementor-widget-heading .elementor-heading-title[class*=elementor-size-]>a{color:inherit;font-size:inherit;line-height:inherit}.elementor-widget-heading .elementor-heading-title.elementor-size-small{font-size:15px}.elementor-widget-heading .elementor-heading-title.elementor-size-medium{font-size:19px}.elementor-widget-heading .elementor-heading-title.elementor-size-large{font-size:29px}.elementor-widget-heading .elementor-heading-title.elementor-size-xl{font-size:39px}.elementor-widget-heading .elementor-heading-title.elementor-size-xxl{font-size:59px}<\/style><h2 class=\"elementor-heading-title elementor-size-default\">Cookies<\/h2>\t\t<\/div>\n\t\t\t\t<\/div>\n\t\t\t\t<div class=\"elementor-element elementor-element-1f422fe6 elementor-widget elementor-widget-text-editor\" data-id=\"1f422fe6\" data-element_type=\"widget\" data-widget_type=\"text-editor.default\">\n\t\t\t\t<div class=\"elementor-widget-container\">\n\t\t\t<style>\/*! elementor - v3.23.0 - 05-08-2024 *\/\n.elementor-widget-text-editor.elementor-drop-cap-view-stacked .elementor-drop-cap{background-color:#69727d;color:#fff}.elementor-widget-text-editor.elementor-drop-cap-view-framed .elementor-drop-cap{color:#69727d;border:3px solid;background-color:transparent}.elementor-widget-text-editor:not(.elementor-drop-cap-view-default) .elementor-drop-cap{margin-top:8px}.elementor-widget-text-editor:not(.elementor-drop-cap-view-default) .elementor-drop-cap-letter{width:1em;height:1em}.elementor-widget-text-editor .elementor-drop-cap{float:left;text-align:center;line-height:1;font-size:50px}.elementor-widget-text-editor .elementor-drop-cap-letter{display:inline-block}<\/style>\t\t\t\t<p>Tato str\u00e1nka sb\u00edra n\u00e1sleduj\u00edc\u00ed druhy soubor\u016f cookies:<\/p><ul><li><strong>Pot\u0159ebn\u00e9 cookies<\/strong>, kter\u00e9 jsou absolutn\u011b nezbytn\u00e9 ke spr\u00e1vn\u00e9mu fungov\u00e1n\u00ed str\u00e1nky. Tyto soubory cookies anonymn\u011b zaji\u0161\u0165uj\u00ed z\u00e1kladn\u00ed funce webu a zabezpe\u010den\u00ed.<\/li><\/ul><p>\u00a0<\/p><table><tbody><tr><td><strong>n\u00e1zev cookie<\/strong><\/td><td><strong>typ<\/strong><\/td><td><strong>popis<\/strong><\/td><td><strong>vypr\u0161\u00ed<\/strong><\/td><\/tr><tr><td>__cf_bm<\/td><td>nutn\u00e9<\/td><td>Tuto cookie pou\u017e\u00edv\u00e1 Cloudflare ve spolupr\u00e1ci s Vimeo pro podporu Cloudflare Bot Management.<\/td><td>1 hodina<\/td><\/tr><tr><td>_cfuvid<\/td><td>nutn\u00e9<\/td><td>Tuto cookie pou\u017e\u00edv\u00e1 Cloudflare ve spolupr\u00e1ci s Vimeo.<\/td><td>Seance<\/td><\/tr><tr><td>aka_debug<\/td><td>nutn\u00e9<\/td><td>Pou\u017e\u00edv\u00e1 Vimeo ke spr\u00e1vn\u00e9mu p\u0159ehr\u00e1n\u00ed videa na str\u00e1nce.<\/td><td>Seance<\/td><\/tr><tr><td>elementor<\/td><td>nutn\u00e9<\/td><td>Tuto cookie vyu\u017e\u00edv\u00e1 Elementor WordPress theme ke spr\u00e1vn\u00e9mu zobrazen\u00ed str\u00e1nky a zobrazov\u00e1n\u00ed proveden\u00fdch zm\u011bn.<\/td><td>Nikdy<\/td><\/tr><tr><td>wpEmojiSettingsSupports<\/td><td>nutn\u00e9<\/td><td>Pou\u017e\u00edv\u00e1 syst\u00e9m WordPress, pokud u\u017eivatel interaguje s emoji na str\u00e1nce. Pom\u00e1h\u00e1 ur\u010dit, zda prohl\u00ed\u017ee\u010d dok\u00e1\u017ee emoji vykreslit korektn\u011b.<\/td><td>Seance<\/td><\/tr><\/tbody><\/table>\t\t\t\t\t\t<\/div>\n\t\t\t\t<\/div>\n\t\t\t\t<div class=\"elementor-element elementor-element-fa06cce elementor-button-info elementor-widget elementor-widget-button\" data-id=\"fa06cce\" data-element_type=\"widget\" data-widget_type=\"button.default\">\n\t\t\t\t<div class=\"elementor-widget-container\">\n\t\t\t\t\t<div class=\"elementor-button-wrapper\">\n\t\t\t<a class=\"elementor-button elementor-button-link elementor-size-sm\" href=\"mailto:privacy@leeftech.com?subject=Forum%20elektromobilita:%20cookies\">\n\t\t\t\t\t\t<span class=\"elementor-button-content-wrapper\">\n\t\t\t\t\t\t<span class=\"elementor-button-icon\">\n\t\t\t\t<svg aria-hidden=\"true\" class=\"e-font-icon-svg e-fas-envelope\" viewBox=\"0 0 512 512\" xmlns=\"http:\/\/www.w3.org\/2000\/svg\"><path d=\"M502.3 190.8c3.9-3.1 9.7-.2 9.7 4.7V400c0 26.5-21.5 48-48 48H48c-26.5 0-48-21.5-48-48V195.6c0-5 5.7-7.8 9.7-4.7 22.4 17.4 52.1 39.5 154.1 113.6 21.1 15.4 56.7 47.8 92.2 47.6 35.7.3 72-32.8 92.3-47.6 102-74.1 131.6-96.3 154-113.7zM256 320c23.2.4 56.6-29.2 73.4-41.4 132.7-96.3 142.8-104.7 173.4-128.7 5.8-4.5 9.2-11.5 9.2-18.9v-19c0-26.5-21.5-48-48-48H48C21.5 64 0 85.5 0 112v19c0 7.4 3.4 14.3 9.2 18.9 30.6 23.9 40.7 32.4 173.4 128.7 16.8 12.2 50.2 41.8 73.4 41.4z\"><\/path><\/svg>\t\t\t<\/span>\n\t\t\t\t\t\t\t\t\t<span class=\"elementor-button-text\">Kontakt ohledn\u011b soukrom\u00ed a cookies: privacy@leeftech.com<\/span>\n\t\t\t\t\t<\/span>\n\t\t\t\t\t<\/a>\n\t\t<\/div>\n\t\t\t\t<\/div>\n\t\t\t\t<\/div>\n\t\t\t\t\t<\/div>\n\t\t\t\t<\/div>\n\t\t\t\t<\/div>\n\t\t","protected":false},"excerpt":{"rendered":"<p>Cookies Tato str\u00e1nka sb\u00edra n\u00e1sleduj\u00edc\u00ed druhy soubor\u016f cookies: Pot\u0159ebn\u00e9 cookies, kter\u00e9 jsou absolutn\u011b nezbytn\u00e9 ke spr\u00e1vn\u00e9mu fungov\u00e1n\u00ed str\u00e1nky. Tyto soubory cookies anonymn\u011b zaji\u0161\u0165uj\u00ed z\u00e1kladn\u00ed funce webu a zabezpe\u010den\u00ed. \u00a0 n\u00e1zev cookie typ popis vypr\u0161\u00ed __cf_bm nutn\u00e9 Tuto cookie pou\u017e\u00edv\u00e1 Cloudflare ve spolupr\u00e1ci s Vimeo pro podporu Cloudflare Bot Management. 1 hodina _cfuvid nutn\u00e9 Tuto cookie [&hellip;]<\/p>\n","protected":false},"author":2,"featured_media":0,"parent":0,"menu_order":0,"comment_status":"closed","ping_status":"closed","template":"","meta":{"iawp_total_views":35,"footnotes":""},"class_list":["post-1636","page","type-page","status-publish","hentry"],"_links":{"self":[{"href":"https:\/\/www.renewablesconference.eu\/cs\/wp-json\/wp\/v2\/pages\/1636"}],"collection":[{"href":"https:\/\/www.renewablesconference.eu\/cs\/wp-json\/wp\/v2\/pages"}],"about":[{"href":"https:\/\/www.renewablesconference.eu\/cs\/wp-json\/wp\/v2\/types\/page"}],"author":[{"embeddable":true,"href":"https:\/\/www.renewablesconference.eu\/cs\/wp-json\/wp\/v2\/users\/2"}],"replies":[{"embeddable":true,"href":"https:\/\/www.renewablesconference.eu\/cs\/wp-json\/wp\/v2\/comments?post=1636"}],"version-history":[{"count":3,"href":"https:\/\/www.renewablesconference.eu\/cs\/wp-json\/wp\/v2\/pages\/1636\/revisions"}],"predecessor-version":[{"id":4725,"href":"https:\/\/www.renewablesconference.eu\/cs\/wp-json\/wp\/v2\/pages\/1636\/revisions\/4725"}],"wp:attachment":[{"href":"https:\/\/www.renewablesconference.eu\/cs\/wp-json\/wp\/v2\/media?parent=1636"}],"curies":[{"name":"wp","href":"https:\/\/api.w.org\/{rel}","templated":true}]}}